{"id":707,"date":"2015-11-09T16:39:06","date_gmt":"2015-11-09T15:39:06","guid":{"rendered":"https:\/\/www.threadmilan.com\/home\/"},"modified":"2026-02-18T16:31:13","modified_gmt":"2026-02-18T15:31:13","slug":"home","status":"publish","type":"page","link":"https:\/\/threadmilan.com\/en\/","title":{"rendered":"Home"},"content":{"rendered":"<div class=\"wpb-content-wrapper\"><p>[vc_row css=&#8221;.vc_custom_1771428637548{margin-bottom: 0px !important;border-bottom-width: 0px !important;background-position: center !important;background-repeat: no-repeat !important;background-size: cover !important;}&#8221; background_style=&#8221;normal&#8221; font_color=&#8221;#000000&#8243; el_id=&#8221;rigaApertura&#8221;][vc_column offset=&#8221;vc_col-lg-offset-2&#8243;][vc_single_image image=&#8221;10372&#8243; img_size=&#8221;large&#8221; alignment=&#8221;center&#8221; onclick=&#8221;custom_link&#8221; css_animation=&#8221;fadeIn&#8221; el_class=&#8221;fotoHome&#8221; title=&#8221;Shop&#8221; link=&#8221;https:\/\/threadmilan.com\/en\/categoria-prodotto\/concept-store-thread\/&#8221; el_id=&#8221;fotoShop&#8221;][\/vc_column][\/vc_row][vc_row css=&#8221;.vc_custom_1598854172805{margin-bottom: 0px !important;padding-top: 5% !important;padding-bottom: 1% !important;}&#8221; background_style=&#8221;normal&#8221; font_color=&#8221;#000000&#8243;][vc_column][vc_column_text]<\/p>\n<h1 class=\"p1\" style=\"text-align: center;\">Explore new arrival<\/h1>\n<p>[\/vc_column_text]<div class=\"woocommerce columns-4 \"><ul class=\"products columns-4\">\n<li class=\"product type-product post-10334 status-publish first instock product_cat-concept-store-thread product_cat-accessories-en product_cat-new-arrival-en has-post-thumbnail taxable shipping-taxable purchasable product-type-simple\">\n\n\t<div class=\"product_wrapper\">\n\t\t\n\t\t<div class=\"product_thumbnail_wrapper\">\n\n\t\t\t<div class=\"product_thumbnail with_second_image\">\n\n\t\t\t\t<a href=\"https:\/\/threadmilan.com\/en\/prodotto\/code-black-chimi\/\" class=\"woocommerce-LoopProduct-link woocommerce-loop-product__link\">\n\t\t\t\t<span class=\"product_thumbnail_background\" style=\"background-image:url(https:\/\/threadmilan.com\/wp-content\/uploads\/2026\/02\/1317_f328616d87-20621-105_code_black_4-full.jpg)\"><\/span>\n\n\t\t\t\t<img loading=\"lazy\" decoding=\"async\" width=\"1200\" height=\"1600\" src=\"https:\/\/threadmilan.com\/wp-content\/uploads\/2026\/02\/1317_555e5e62a6-20621-105_code_black_3-full.jpg\" class=\"attachment-shop_catalog size-shop_catalog wp-post-image\" alt=\"\" srcset=\"https:\/\/threadmilan.com\/wp-content\/uploads\/2026\/02\/1317_555e5e62a6-20621-105_code_black_3-full.jpg 1200w, https:\/\/threadmilan.com\/wp-content\/uploads\/2026\/02\/1317_555e5e62a6-20621-105_code_black_3-full-225x300.jpg 225w, https:\/\/threadmilan.com\/wp-content\/uploads\/2026\/02\/1317_555e5e62a6-20621-105_code_black_3-full-768x1024.jpg 768w, https:\/\/threadmilan.com\/wp-content\/uploads\/2026\/02\/1317_555e5e62a6-20621-105_code_black_3-full-1152x1536.jpg 1152w, https:\/\/threadmilan.com\/wp-content\/uploads\/2026\/02\/1317_555e5e62a6-20621-105_code_black_3-full-570x760.jpg 570w\" sizes=\"auto, (max-width: 1200px) 100vw, 1200px\" \/><\/a>\n\t\t\t<\/div>\n\n\t\t\t\n\t\t<\/div>\n\n\t\t<a href=\"https:\/\/threadmilan.com\/en\/prodotto\/code-black-chimi\/\" class=\"woocommerce-LoopProduct-link woocommerce-loop-product__link\"><h2 class=\"woocommerce-loop-product__title\">Code black | Chimi<\/h2><\/a>\n\t<\/div>\n\n\t\n\t<div class=\"product_after_shop_loop \">\n\n\t\t\n\t\t<div class=\"product_after_shop_loop_switcher\">\n\n            <div class=\"product_after_shop_loop_price\">\n                \n\t<span class=\"price\"><span class=\"woocommerce-Price-amount amount\"><bdi><span class=\"woocommerce-Price-currencySymbol\">&euro;<\/span>190.00<\/bdi><\/span><\/span>\n            <\/div>\n\n            <div class=\"product_after_shop_loop_buttons\">\n                <a href=\"\/en\/wp-json\/wp\/v2\/pages\/707?add-to-cart=10334\" aria-describedby=\"woocommerce_loop_add_to_cart_link_describedby_10334\" data-quantity=\"1\" class=\"button product_type_simple add_to_cart_button ajax_add_to_cart\" data-product_id=\"10334\" data-product_sku=\"\" aria-label=\"Add to cart: &ldquo;Code black | Chimi&rdquo;\" rel=\"nofollow\" data-success_message=\"&ldquo;Code black | Chimi&rdquo; has been added to your cart\">Add to cart<\/a>\t<span id=\"woocommerce_loop_add_to_cart_link_describedby_10334\" class=\"screen-reader-text\">\n\t\t\t<\/span>\n            <\/div>\n\n        <\/div>\n\n    <\/div>\n<\/li>\n<li class=\"product type-product post-10212 status-publish instock product_cat-new-arrival-en product_cat-concept-store-thread product_cat-clothing-en has-post-thumbnail taxable shipping-taxable purchasable product-type-variable\">\n\n\t<div class=\"product_wrapper\">\n\t\t\n\t\t<div class=\"product_thumbnail_wrapper\">\n\n\t\t\t<div class=\"product_thumbnail with_second_image\">\n\n\t\t\t\t<a href=\"https:\/\/threadmilan.com\/en\/prodotto\/draped-knit-body-house-of-dagmar\/\" class=\"woocommerce-LoopProduct-link woocommerce-loop-product__link\">\n\t\t\t\t<span class=\"product_thumbnail_background\" style=\"background-image:url(https:\/\/threadmilan.com\/wp-content\/uploads\/2026\/02\/2368_dec3067bcf-dagmar_ss26_261f119_draped-knit-top_999-black_0099-1-original.jpg)\"><\/span>\n\n\t\t\t\t<img loading=\"lazy\" decoding=\"async\" width=\"1200\" height=\"1600\" src=\"https:\/\/threadmilan.com\/wp-content\/uploads\/2026\/02\/2368_e130fc7c7a-dagmar_ps_ss26_261f119_draped-knit-top_black_09-original-2.jpg\" class=\"attachment-shop_catalog size-shop_catalog wp-post-image\" alt=\"\" srcset=\"https:\/\/threadmilan.com\/wp-content\/uploads\/2026\/02\/2368_e130fc7c7a-dagmar_ps_ss26_261f119_draped-knit-top_black_09-original-2.jpg 1200w, https:\/\/threadmilan.com\/wp-content\/uploads\/2026\/02\/2368_e130fc7c7a-dagmar_ps_ss26_261f119_draped-knit-top_black_09-original-2-225x300.jpg 225w, https:\/\/threadmilan.com\/wp-content\/uploads\/2026\/02\/2368_e130fc7c7a-dagmar_ps_ss26_261f119_draped-knit-top_black_09-original-2-768x1024.jpg 768w, https:\/\/threadmilan.com\/wp-content\/uploads\/2026\/02\/2368_e130fc7c7a-dagmar_ps_ss26_261f119_draped-knit-top_black_09-original-2-1152x1536.jpg 1152w, https:\/\/threadmilan.com\/wp-content\/uploads\/2026\/02\/2368_e130fc7c7a-dagmar_ps_ss26_261f119_draped-knit-top_black_09-original-2-570x760.jpg 570w\" sizes=\"auto, (max-width: 1200px) 100vw, 1200px\" \/><\/a>\n\t\t\t<\/div>\n\n\t\t\t\n\t\t<\/div>\n\n\t\t<a href=\"https:\/\/threadmilan.com\/en\/prodotto\/draped-knit-body-house-of-dagmar\/\" class=\"woocommerce-LoopProduct-link woocommerce-loop-product__link\"><h2 class=\"woocommerce-loop-product__title\">Draped knit body | House of Dagmar<\/h2><\/a>\n\t<\/div>\n\n\t\n\t<div class=\"product_after_shop_loop \">\n\n\t\t\n\t\t<div class=\"product_after_shop_loop_switcher\">\n\n            <div class=\"product_after_shop_loop_price\">\n                \n\t<span class=\"price\"><span class=\"woocommerce-Price-amount amount\"><bdi><span class=\"woocommerce-Price-currencySymbol\">&euro;<\/span>460.00<\/bdi><\/span><\/span>\n            <\/div>\n\n            <div class=\"product_after_shop_loop_buttons\">\n                <a href=\"https:\/\/threadmilan.com\/en\/prodotto\/draped-knit-body-house-of-dagmar\/\" aria-describedby=\"woocommerce_loop_add_to_cart_link_describedby_10212\" data-quantity=\"1\" class=\"button product_type_variable add_to_cart_button\" data-product_id=\"10212\" data-product_sku=\"\" aria-label=\"Select options for &ldquo;Draped knit body | House of Dagmar&rdquo;\" rel=\"nofollow\">Select options<\/a>\t<span id=\"woocommerce_loop_add_to_cart_link_describedby_10212\" class=\"screen-reader-text\">\n\t\tThis product has multiple variants. The options may be chosen on the product page\t<\/span>\n            <\/div>\n\n        <\/div>\n\n    <\/div>\n<\/li>\n<li class=\"product type-product post-10192 status-publish instock product_cat-new-arrival-en product_cat-concept-store-thread product_cat-clothing-en has-post-thumbnail taxable shipping-taxable purchasable product-type-variable\">\n\n\t<div class=\"product_wrapper\">\n\t\t\n\t\t<div class=\"product_thumbnail_wrapper\">\n\n\t\t\t<div class=\"product_thumbnail with_second_image\">\n\n\t\t\t\t<a href=\"https:\/\/threadmilan.com\/en\/prodotto\/sculpted-tube-top-house-of-dagmar-2\/\" class=\"woocommerce-LoopProduct-link woocommerce-loop-product__link\">\n\t\t\t\t<span class=\"product_thumbnail_background\" style=\"background-image:url(https:\/\/threadmilan.com\/wp-content\/uploads\/2026\/02\/1261_713ae1d2da-dagmar_ss25_xxxf112_sculpted-tube-top_001-white_02-original-2.jpg)\"><\/span>\n\n\t\t\t\t<img loading=\"lazy\" decoding=\"async\" width=\"1200\" height=\"1600\" src=\"https:\/\/threadmilan.com\/wp-content\/uploads\/2026\/02\/1261_b2693f93ee-dagmar_carry-over_ps_xxxf112_sculpted-tube-top_white_09-original-3.jpg\" class=\"attachment-shop_catalog size-shop_catalog wp-post-image\" alt=\"\" srcset=\"https:\/\/threadmilan.com\/wp-content\/uploads\/2026\/02\/1261_b2693f93ee-dagmar_carry-over_ps_xxxf112_sculpted-tube-top_white_09-original-3.jpg 1200w, https:\/\/threadmilan.com\/wp-content\/uploads\/2026\/02\/1261_b2693f93ee-dagmar_carry-over_ps_xxxf112_sculpted-tube-top_white_09-original-3-225x300.jpg 225w, https:\/\/threadmilan.com\/wp-content\/uploads\/2026\/02\/1261_b2693f93ee-dagmar_carry-over_ps_xxxf112_sculpted-tube-top_white_09-original-3-768x1024.jpg 768w, https:\/\/threadmilan.com\/wp-content\/uploads\/2026\/02\/1261_b2693f93ee-dagmar_carry-over_ps_xxxf112_sculpted-tube-top_white_09-original-3-1152x1536.jpg 1152w, https:\/\/threadmilan.com\/wp-content\/uploads\/2026\/02\/1261_b2693f93ee-dagmar_carry-over_ps_xxxf112_sculpted-tube-top_white_09-original-3-570x760.jpg 570w\" sizes=\"auto, (max-width: 1200px) 100vw, 1200px\" \/><\/a>\n\t\t\t<\/div>\n\n\t\t\t\n\t\t<\/div>\n\n\t\t<a href=\"https:\/\/threadmilan.com\/en\/prodotto\/sculpted-tube-top-house-of-dagmar-2\/\" class=\"woocommerce-LoopProduct-link woocommerce-loop-product__link\"><h2 class=\"woocommerce-loop-product__title\">Sculpted tube top | House of Dagmar<\/h2><\/a>\n\t<\/div>\n\n\t\n\t<div class=\"product_after_shop_loop \">\n\n\t\t\n\t\t<div class=\"product_after_shop_loop_switcher\">\n\n            <div class=\"product_after_shop_loop_price\">\n                \n\t<span class=\"price\"><span class=\"woocommerce-Price-amount amount\"><bdi><span class=\"woocommerce-Price-currencySymbol\">&euro;<\/span>300.00<\/bdi><\/span><\/span>\n            <\/div>\n\n            <div class=\"product_after_shop_loop_buttons\">\n                <a href=\"https:\/\/threadmilan.com\/en\/prodotto\/sculpted-tube-top-house-of-dagmar-2\/\" aria-describedby=\"woocommerce_loop_add_to_cart_link_describedby_10192\" data-quantity=\"1\" class=\"button product_type_variable add_to_cart_button\" data-product_id=\"10192\" data-product_sku=\"\" aria-label=\"Select options for &ldquo;Sculpted tube top | House of Dagmar&rdquo;\" rel=\"nofollow\">Select options<\/a>\t<span id=\"woocommerce_loop_add_to_cart_link_describedby_10192\" class=\"screen-reader-text\">\n\t\tThis product has multiple variants. The options may be chosen on the product page\t<\/span>\n            <\/div>\n\n        <\/div>\n\n    <\/div>\n<\/li>\n<li class=\"product type-product post-10173 status-publish last instock product_cat-denim product_cat-concept-store-thread product_cat-clothing-en product_cat-new-arrival-en has-post-thumbnail featured taxable shipping-taxable purchasable product-type-variable\">\n\n\t<div class=\"product_wrapper\">\n\t\t\n\t\t<div class=\"product_thumbnail_wrapper\">\n\n\t\t\t<div class=\"product_thumbnail with_second_image\">\n\n\t\t\t\t<a href=\"https:\/\/threadmilan.com\/en\/prodotto\/baggy-fit-denim-house-of-dagmar\/\" class=\"woocommerce-LoopProduct-link woocommerce-loop-product__link\">\n\t\t\t\t<span class=\"product_thumbnail_background\" style=\"background-image:url(https:\/\/threadmilan.com\/wp-content\/uploads\/2026\/02\/2439_c199d98c7a-dagmar_ps_251f621_baggy-fit-denim_white_09-original.jpg)\"><\/span>\n\n\t\t\t\t<img loading=\"lazy\" decoding=\"async\" width=\"1200\" height=\"1600\" src=\"https:\/\/threadmilan.com\/wp-content\/uploads\/2026\/02\/2439_8f20804954-253f628_04-original-3.jpg\" class=\"attachment-shop_catalog size-shop_catalog wp-post-image\" alt=\"\" srcset=\"https:\/\/threadmilan.com\/wp-content\/uploads\/2026\/02\/2439_8f20804954-253f628_04-original-3.jpg 1200w, https:\/\/threadmilan.com\/wp-content\/uploads\/2026\/02\/2439_8f20804954-253f628_04-original-3-225x300.jpg 225w, https:\/\/threadmilan.com\/wp-content\/uploads\/2026\/02\/2439_8f20804954-253f628_04-original-3-768x1024.jpg 768w, https:\/\/threadmilan.com\/wp-content\/uploads\/2026\/02\/2439_8f20804954-253f628_04-original-3-1152x1536.jpg 1152w, https:\/\/threadmilan.com\/wp-content\/uploads\/2026\/02\/2439_8f20804954-253f628_04-original-3-570x760.jpg 570w\" sizes=\"auto, (max-width: 1200px) 100vw, 1200px\" \/><\/a>\n\t\t\t<\/div>\n\n\t\t\t\n\t\t<\/div>\n\n\t\t<a href=\"https:\/\/threadmilan.com\/en\/prodotto\/baggy-fit-denim-house-of-dagmar\/\" class=\"woocommerce-LoopProduct-link woocommerce-loop-product__link\"><h2 class=\"woocommerce-loop-product__title\">Baggy fit denim | House of Dagmar<\/h2><\/a>\n\t<\/div>\n\n\t\n\t<div class=\"product_after_shop_loop \">\n\n\t\t\n\t\t<div class=\"product_after_shop_loop_switcher\">\n\n            <div class=\"product_after_shop_loop_price\">\n                \n\t<span class=\"price\"><span class=\"woocommerce-Price-amount amount\"><bdi><span class=\"woocommerce-Price-currencySymbol\">&euro;<\/span>320.00<\/bdi><\/span><\/span>\n            <\/div>\n\n            <div class=\"product_after_shop_loop_buttons\">\n                <a href=\"https:\/\/threadmilan.com\/en\/prodotto\/baggy-fit-denim-house-of-dagmar\/\" aria-describedby=\"woocommerce_loop_add_to_cart_link_describedby_10173\" data-quantity=\"1\" class=\"button product_type_variable add_to_cart_button\" data-product_id=\"10173\" data-product_sku=\"\" aria-label=\"Select options for &ldquo;Baggy fit denim | House of Dagmar&rdquo;\" rel=\"nofollow\">Select options<\/a>\t<span id=\"woocommerce_loop_add_to_cart_link_describedby_10173\" class=\"screen-reader-text\">\n\t\tThis product has multiple variants. The options may be chosen on the product page\t<\/span>\n            <\/div>\n\n        <\/div>\n\n    <\/div>\n<\/li>\n<\/ul>\n<\/div>[\/vc_column][\/vc_row][vc_row][vc_column][vc_raw_html]JTVCaW5zdGFncmFtLWZlZWQlMjBmZWVkJTNEMSU1RA==[\/vc_raw_html][\/vc_column][\/vc_row]<\/p>\n<\/div>","protected":false},"excerpt":{"rendered":"<p>[vc_row css=&#8221;.vc_custom_1771428637548{margin-bottom: 0px !important;border-bottom-width: 0px !important;background-position: center !important;background-repeat: no-repeat !important;background-size: cover !important;}&#8221; background_style=&#8221;normal&#8221; font_color=&#8221;#000000&#8243; el_id=&#8221;rigaApertura&#8221;][vc_column offset=&#8221;vc_col-lg-offset-2&#8243;][vc_single_image image=&#8221;10372&#8243; img_size=&#8221;large&#8221; alignment=&#8221;center&#8221; onclick=&#8221;custom_link&#8221;&#8230;<\/p>\n","protected":false},"author":3,"featured_media":0,"parent":0,"menu_order":0,"comment_status":"closed","ping_status":"closed","template":"page-full-width.php","meta":{"_joinchat":[],"footnotes":""},"class_list":["post-707","page","type-page","status-publish","hentry"],"yoast_head":"<!-- This site is optimized with the Yoast SEO plugin v27.3 - https:\/\/yoast.com\/product\/yoast-seo-wordpress\/ -->\n<title>Thread Milan Shop Online<\/title>\n<meta name=\"description\" content=\"Scarpe femminili di produzione artigianale. Acquista online su Thread Ballerine, D\u00e9collet\u00e9 e Stivaletti di altissima qualit\u00e0 e unici nel loro genere.\" \/>\n<meta name=\"robots\" content=\"index, follow, max-snippet:-1, max-image-preview:large, max-video-preview:-1\" \/>\n<link rel=\"canonical\" href=\"https:\/\/threadmilan.com\/en\/\" \/>\n<meta property=\"og:locale\" content=\"en_US\" \/>\n<meta property=\"og:type\" content=\"article\" \/>\n<meta property=\"og:title\" content=\"Thread Milan Shop Online\" \/>\n<meta property=\"og:description\" content=\"Scarpe femminili di produzione artigianale. Acquista online su Thread Ballerine, D\u00e9collet\u00e9 e Stivaletti di altissima qualit\u00e0 e unici nel loro genere.\" \/>\n<meta property=\"og:url\" content=\"https:\/\/threadmilan.com\/en\/\" \/>\n<meta property=\"og:site_name\" content=\"Thread Concept Store\" \/>\n<meta property=\"article:modified_time\" content=\"2026-02-18T15:31:13+00:00\" \/>\n<meta name=\"twitter:card\" content=\"summary_large_image\" \/>\n<meta name=\"twitter:label1\" content=\"Est. reading time\" \/>\n\t<meta name=\"twitter:data1\" content=\"1 minute\" \/>\n<script type=\"application\/ld+json\" class=\"yoast-schema-graph\">{\"@context\":\"https:\\\/\\\/schema.org\",\"@graph\":[{\"@type\":\"WebPage\",\"@id\":\"https:\\\/\\\/threadmilan.com\\\/en\\\/\",\"url\":\"https:\\\/\\\/threadmilan.com\\\/en\\\/\",\"name\":\"Thread Milan Shop Online\",\"isPartOf\":{\"@id\":\"https:\\\/\\\/threadmilan.com\\\/en\\\/#website\"},\"datePublished\":\"2015-11-09T15:39:06+00:00\",\"dateModified\":\"2026-02-18T15:31:13+00:00\",\"description\":\"Scarpe femminili di produzione artigianale. Acquista online su Thread Ballerine, D\u00e9collet\u00e9 e Stivaletti di altissima qualit\u00e0 e unici nel loro genere.\",\"breadcrumb\":{\"@id\":\"https:\\\/\\\/threadmilan.com\\\/en\\\/#breadcrumb\"},\"inLanguage\":\"en-US\",\"potentialAction\":[{\"@type\":\"ReadAction\",\"target\":[\"https:\\\/\\\/threadmilan.com\\\/en\\\/\"]}]},{\"@type\":\"BreadcrumbList\",\"@id\":\"https:\\\/\\\/threadmilan.com\\\/en\\\/#breadcrumb\",\"itemListElement\":[{\"@type\":\"ListItem\",\"position\":1,\"name\":\"Home\",\"item\":\"https:\\\/\\\/threadmilan.com\\\/en\\\/\"},{\"@type\":\"ListItem\",\"position\":2,\"name\":\"Home\"}]},{\"@type\":\"WebSite\",\"@id\":\"https:\\\/\\\/threadmilan.com\\\/en\\\/#website\",\"url\":\"https:\\\/\\\/threadmilan.com\\\/en\\\/\",\"name\":\"Thread Milan\",\"description\":\"\",\"publisher\":{\"@id\":\"https:\\\/\\\/threadmilan.com\\\/en\\\/#organization\"},\"potentialAction\":[{\"@type\":\"SearchAction\",\"target\":{\"@type\":\"EntryPoint\",\"urlTemplate\":\"https:\\\/\\\/threadmilan.com\\\/en\\\/?s={search_term_string}\"},\"query-input\":{\"@type\":\"PropertyValueSpecification\",\"valueRequired\":true,\"valueName\":\"search_term_string\"}}],\"inLanguage\":\"en-US\"},{\"@type\":\"Organization\",\"@id\":\"https:\\\/\\\/threadmilan.com\\\/en\\\/#organization\",\"name\":\"Thread\",\"url\":\"https:\\\/\\\/threadmilan.com\\\/en\\\/\",\"logo\":{\"@type\":\"ImageObject\",\"inLanguage\":\"en-US\",\"@id\":\"https:\\\/\\\/threadmilan.com\\\/en\\\/#\\\/schema\\\/logo\\\/image\\\/\",\"url\":\"https:\\\/\\\/www.threadmilan.com\\\/wp-content\\\/uploads\\\/2020\\\/06\\\/white-logo@2x.png\",\"contentUrl\":\"https:\\\/\\\/www.threadmilan.com\\\/wp-content\\\/uploads\\\/2020\\\/06\\\/white-logo@2x.png\",\"width\":318,\"height\":178,\"caption\":\"Thread\"},\"image\":{\"@id\":\"https:\\\/\\\/threadmilan.com\\\/en\\\/#\\\/schema\\\/logo\\\/image\\\/\"}}]}<\/script>\n<!-- \/ Yoast SEO plugin. -->","yoast_head_json":{"title":"Thread Milan Shop Online","description":"Scarpe femminili di produzione artigianale. Acquista online su Thread Ballerine, D\u00e9collet\u00e9 e Stivaletti di altissima qualit\u00e0 e unici nel loro genere.","robots":{"index":"index","follow":"follow","max-snippet":"max-snippet:-1","max-image-preview":"max-image-preview:large","max-video-preview":"max-video-preview:-1"},"canonical":"https:\/\/threadmilan.com\/en\/","og_locale":"en_US","og_type":"article","og_title":"Thread Milan Shop Online","og_description":"Scarpe femminili di produzione artigianale. Acquista online su Thread Ballerine, D\u00e9collet\u00e9 e Stivaletti di altissima qualit\u00e0 e unici nel loro genere.","og_url":"https:\/\/threadmilan.com\/en\/","og_site_name":"Thread Concept Store","article_modified_time":"2026-02-18T15:31:13+00:00","twitter_card":"summary_large_image","twitter_misc":{"Est. reading time":"1 minute"},"schema":{"@context":"https:\/\/schema.org","@graph":[{"@type":"WebPage","@id":"https:\/\/threadmilan.com\/en\/","url":"https:\/\/threadmilan.com\/en\/","name":"Thread Milan Shop Online","isPartOf":{"@id":"https:\/\/threadmilan.com\/en\/#website"},"datePublished":"2015-11-09T15:39:06+00:00","dateModified":"2026-02-18T15:31:13+00:00","description":"Scarpe femminili di produzione artigianale. Acquista online su Thread Ballerine, D\u00e9collet\u00e9 e Stivaletti di altissima qualit\u00e0 e unici nel loro genere.","breadcrumb":{"@id":"https:\/\/threadmilan.com\/en\/#breadcrumb"},"inLanguage":"en-US","potentialAction":[{"@type":"ReadAction","target":["https:\/\/threadmilan.com\/en\/"]}]},{"@type":"BreadcrumbList","@id":"https:\/\/threadmilan.com\/en\/#breadcrumb","itemListElement":[{"@type":"ListItem","position":1,"name":"Home","item":"https:\/\/threadmilan.com\/en\/"},{"@type":"ListItem","position":2,"name":"Home"}]},{"@type":"WebSite","@id":"https:\/\/threadmilan.com\/en\/#website","url":"https:\/\/threadmilan.com\/en\/","name":"Thread Milan","description":"","publisher":{"@id":"https:\/\/threadmilan.com\/en\/#organization"},"potentialAction":[{"@type":"SearchAction","target":{"@type":"EntryPoint","urlTemplate":"https:\/\/threadmilan.com\/en\/?s={search_term_string}"},"query-input":{"@type":"PropertyValueSpecification","valueRequired":true,"valueName":"search_term_string"}}],"inLanguage":"en-US"},{"@type":"Organization","@id":"https:\/\/threadmilan.com\/en\/#organization","name":"Thread","url":"https:\/\/threadmilan.com\/en\/","logo":{"@type":"ImageObject","inLanguage":"en-US","@id":"https:\/\/threadmilan.com\/en\/#\/schema\/logo\/image\/","url":"https:\/\/www.threadmilan.com\/wp-content\/uploads\/2020\/06\/white-logo@2x.png","contentUrl":"https:\/\/www.threadmilan.com\/wp-content\/uploads\/2020\/06\/white-logo@2x.png","width":318,"height":178,"caption":"Thread"},"image":{"@id":"https:\/\/threadmilan.com\/en\/#\/schema\/logo\/image\/"}}]}},"_links":{"self":[{"href":"https:\/\/threadmilan.com\/en\/wp-json\/wp\/v2\/pages\/707","targetHints":{"allow":["GET"]}}],"collection":[{"href":"https:\/\/threadmilan.com\/en\/wp-json\/wp\/v2\/pages"}],"about":[{"href":"https:\/\/threadmilan.com\/en\/wp-json\/wp\/v2\/types\/page"}],"author":[{"embeddable":true,"href":"https:\/\/threadmilan.com\/en\/wp-json\/wp\/v2\/users\/3"}],"replies":[{"embeddable":true,"href":"https:\/\/threadmilan.com\/en\/wp-json\/wp\/v2\/comments?post=707"}],"version-history":[{"count":29,"href":"https:\/\/threadmilan.com\/en\/wp-json\/wp\/v2\/pages\/707\/revisions"}],"predecessor-version":[{"id":10375,"href":"https:\/\/threadmilan.com\/en\/wp-json\/wp\/v2\/pages\/707\/revisions\/10375"}],"wp:attachment":[{"href":"https:\/\/threadmilan.com\/en\/wp-json\/wp\/v2\/media?parent=707"}],"curies":[{"name":"wp","href":"https:\/\/api.w.org\/{rel}","templated":true}]}}